{"id":3274,"date":"2021-07-08T06:41:53","date_gmt":"2021-07-08T06:41:53","guid":{"rendered":"https:\/\/eidan.qodeinteractive.com\/?page_id=3274"},"modified":"2025-05-23T17:32:16","modified_gmt":"2025-05-23T17:32:16","slug":"our-services","status":"publish","type":"page","link":"https:\/\/thebrandersco.com\/es\/our-services\/","title":{"rendered":"Our Services"},"content":{"rendered":"\t\t<div data-elementor-type=\"wp-page\" data-elementor-id=\"3274\" class=\"elementor elementor-3274\">\n\t\t\t\t\t\t<section class=\"elementor-section elementor-top-section elementor-element elementor-element-c2f1e70 qodef-elementor-content-grid elementor-section-boxed elementor-section-height-default elementor-section-height-default\" data-id=\"c2f1e70\" data-element_type=\"section\">\n\t\t\t\t\t\t<div class=\"elementor-container elementor-column-gap-default\">\n\t\t\t\t\t<div class=\"elementor-column elementor-col-100 elementor-top-column elementor-element elementor-element-68dcee9\" data-id=\"68dcee9\" data-element_type=\"column\">\n\t\t\t<div class=\"elementor-widget-wrap elementor-element-populated\">\n\t\t\t\t\t\t<div class=\"elementor-element elementor-element-1c51116 elementor-widget__width-initial elementor-widget-tablet__width-inherit elementor-widget elementor-widget-eidan_core_section_title\" data-id=\"1c51116\" data-element_type=\"widget\" data-widget_type=\"eidan_core_section_title.default\">\n\t\t\t\t<div class=\"elementor-widget-container\">\n\t\t\t\t\t<div class=\"qodef-shortcode qodef-m  qodef-section-title qodef-alignment--left \">\n\t\t<h1 class=\"qodef-m-title\" >\n\t\t\t\t\t\u201cPonemos nuestra pasi\u00f3n y dedicaci\u00f3n en cada proyecto todos los dias\u201d.  \u00c1mamos lo que hacemos.\t\t\t<\/h1>\n\t\t<p class=\"qodef-m-text\" >En The Branders Co, somos un estudio de dise\u00f1o, una consultora de marketing, un equipo de programadores, fot\u00f3grafos, una imprenta \u2026 es pocas palabras todo lo que tu marca necesita, en un solo lugar.\n\n\nContruimos experiencias para las marcas de hoy y del  Ma\u00f1ana. \n<\/p>\n<\/div>\n\t\t\t\t<\/div>\n\t\t\t\t<\/div>\n\t\t\t\t\t<\/div>\n\t\t<\/div>\n\t\t\t\t\t<\/div>\n\t\t<\/section>\n\t\t\t\t<section class=\"elementor-section elementor-top-section elementor-element elementor-element-c3fc45b elementor-section-full_width elementor-section-height-default elementor-section-height-default qodef-elementor-content-no\" data-id=\"c3fc45b\" data-element_type=\"section\">\n\t\t\t\t\t\t<div class=\"elementor-container elementor-column-gap-default\">\n\t\t\t\t\t<div class=\"elementor-column elementor-col-100 elementor-top-column elementor-element elementor-element-3ec1e41\" data-id=\"3ec1e41\" data-element_type=\"column\">\n\t\t\t<div class=\"elementor-widget-wrap elementor-element-populated\">\n\t\t\t\t\t\t<div class=\"elementor-element elementor-element-512d415 elementor-widget elementor-widget-eidan_core_single_image\" data-id=\"512d415\" data-element_type=\"widget\" data-widget_type=\"eidan_core_single_image.default\">\n\t\t\t\t<div class=\"elementor-widget-container\">\n\t\t\t\t\t<div class=\"qodef-shortcode qodef-m  qodef-single-image qodef-layout--default   qodef-move-appear-animation--no \">\n\t\t<div class=\"qodef-m-image\">\n\t\t\t\t\t<img fetchpriority=\"high\" decoding=\"async\" width=\"2560\" height=\"933\" src=\"https:\/\/thebrandersco.com\/es\/wp-content\/uploads\/2021\/07\/our-services-img1.jpg\" class=\"attachment-full size-full\" alt=\"s\" srcset=\"https:\/\/thebrandersco.com\/es\/wp-content\/uploads\/2021\/07\/our-services-img1.jpg 2560w, https:\/\/thebrandersco.com\/es\/wp-content\/uploads\/2021\/07\/our-services-img1-600x219.jpg 600w, https:\/\/thebrandersco.com\/es\/wp-content\/uploads\/2021\/07\/our-services-img1-300x109.jpg 300w, https:\/\/thebrandersco.com\/es\/wp-content\/uploads\/2021\/07\/our-services-img1-1024x373.jpg 1024w, https:\/\/thebrandersco.com\/es\/wp-content\/uploads\/2021\/07\/our-services-img1-768x280.jpg 768w, https:\/\/thebrandersco.com\/es\/wp-content\/uploads\/2021\/07\/our-services-img1-1536x560.jpg 1536w, https:\/\/thebrandersco.com\/es\/wp-content\/uploads\/2021\/07\/our-services-img1-2048x746.jpg 2048w\" sizes=\"(max-width: 2560px) 100vw, 2560px\" \/>\t\t\t<\/div>\n<\/div>\n\t\t\t\t<\/div>\n\t\t\t\t<\/div>\n\t\t\t\t\t<\/div>\n\t\t<\/div>\n\t\t\t\t\t<\/div>\n\t\t<\/section>\n\t\t\t\t<section class=\"elementor-section elementor-top-section elementor-element elementor-element-3d5bd68a qodef-elementor-content-grid elementor-section-boxed elementor-section-height-default elementor-section-height-default\" data-id=\"3d5bd68a\" data-element_type=\"section\" data-settings=\"{&quot;background_background&quot;:&quot;classic&quot;}\">\n\t\t\t\t\t\t<div class=\"elementor-container elementor-column-gap-default\">\n\t\t\t\t\t<div class=\"elementor-column elementor-col-50 elementor-top-column elementor-element elementor-element-74202d2f\" data-id=\"74202d2f\" data-element_type=\"column\">\n\t\t\t<div class=\"elementor-widget-wrap elementor-element-populated\">\n\t\t\t\t\t\t<div class=\"elementor-element elementor-element-b8a0c39 elementor-widget elementor-widget-text-editor\" data-id=\"b8a0c39\" data-element_type=\"widget\" data-widget_type=\"text-editor.default\">\n\t\t\t\t<div class=\"elementor-widget-container\">\n\t\t\t\t\t\t\t\t\t<p><span style=\"color: #000000;\">Nosotros<\/span><\/p>\t\t\t\t\t\t\t\t<\/div>\n\t\t\t\t<\/div>\n\t\t\t\t<div class=\"elementor-element elementor-element-ea99463 elementor-widget elementor-widget-eidan_core_section_title\" data-id=\"ea99463\" data-element_type=\"widget\" data-widget_type=\"eidan_core_section_title.default\">\n\t\t\t\t<div class=\"elementor-widget-container\">\n\t\t\t\t\t<div class=\"qodef-shortcode qodef-m  qodef-section-title qodef-alignment--left \">\n\t\t<h2 class=\"qodef-m-title\" >\n\t\t\t\t\tTheBrandersCo. \u2122 es una agencia digital que ofrece servicios de dise\u00f1o, desarrollo de marca y sitios web a nivel global, combinando estrategia y creatividad en cada proyecto. \t\t\t<\/h2>\n\t\t<p class=\"qodef-m-text\" >Nuestro equipo ayuda a su marca a conectarse con la audiencia adecuada a trav\u00e9s del dise\u00f1o, ideas de marketing efectivas y el uso de tecnolog\u00eda para empresas de cualquier tama\u00f1o.<\/p>\n<\/div>\n\t\t\t\t<\/div>\n\t\t\t\t<\/div>\n\t\t\t\t\t<\/div>\n\t\t<\/div>\n\t\t\t\t<div class=\"elementor-column elementor-col-50 elementor-top-column elementor-element elementor-element-4a76226b\" data-id=\"4a76226b\" data-element_type=\"column\">\n\t\t\t<div class=\"elementor-widget-wrap elementor-element-populated\">\n\t\t\t\t\t\t<div class=\"elementor-element elementor-element-ed6ca63 elementor-widget elementor-widget-text-editor\" data-id=\"ed6ca63\" data-element_type=\"widget\" data-widget_type=\"text-editor.default\">\n\t\t\t\t<div class=\"elementor-widget-container\">\n\t\t\t\t\t\t\t\t\t<p><strong>Esto es lo que amamos hacer<\/strong><\/p>\t\t\t\t\t\t\t\t<\/div>\n\t\t\t\t<\/div>\n\t\t\t\t<div class=\"elementor-element elementor-element-50ddb83c elementor-widget elementor-widget-eidan_core_list_items\" data-id=\"50ddb83c\" data-element_type=\"widget\" data-widget_type=\"eidan_core_list_items.default\">\n\t\t\t\t<div class=\"elementor-widget-container\">\n\t\t\t\t\t<div class=\"qodef-shortcode qodef-m  qodef-list-items qodef-list-items-533 qodef-layout--bulleted-list \">\n\t\t\t<ul class=\"qodef-m-list\" >\n\t\t\t\t\t\t\t\t<li class=\"qodef-m-list-item\">\n\t<h5 class=\"qodef-m-list-item-inner\">\n\t\t\t\t\t\t<span class=\"qodef-m-list-text\">\n\t\tBranding: Dise\u00f1o de logotipo, identidad visual, naming.\t<\/span>\n\t\t\t\t<\/h5>\n<\/li>\n\t\t\t\t\t\t\t\t<li class=\"qodef-m-list-item\">\n\t<h5 class=\"qodef-m-list-item-inner\">\n\t\t\t\t\t\t<span class=\"qodef-m-list-text\">\n\t\tDise\u00f1o gr\u00e1fico: Dise\u00f1o publicitario, Dise\u00f1o para redes sociales, Empaques, Etiquetas, Brochures, Flyers, Men\u00fas, Revistas.\t<\/span>\n\t\t\t\t<\/h5>\n<\/li>\n\t\t\t\t\t\t\t\t<li class=\"qodef-m-list-item\">\n\t<h5 class=\"qodef-m-list-item-inner\">\n\t\t\t\t\t\t<span class=\"qodef-m-list-text\">\n\t\tDesarrollo Web: P\u00e1ginas web, Tiendas en l\u00ednea, Landing Pages, Portafolios\t<\/span>\n\t\t\t\t<\/h5>\n<\/li>\n\t\t\t\t\t\t\t\t<li class=\"qodef-m-list-item\">\n\t<h5 class=\"qodef-m-list-item-inner\">\n\t\t\t\t\t\t<span class=\"qodef-m-list-text\">\n\t\tImpresi\u00f3n: Tarjetas de presentaci\u00f3n, Men\u00fas, Lona, Vinil.\t<\/span>\n\t\t\t\t<\/h5>\n<\/li>\n\t\t\t\t\t\t\t\t<li class=\"qodef-m-list-item\">\n\t<h5 class=\"qodef-m-list-item-inner\">\n\t\t\t\t\t\t<span class=\"qodef-m-list-text\">\n\t\tFoto y video: Foto comercial y de producto, Real Estate, Alimentos.\t<\/span>\n\t\t\t\t<\/h5>\n<\/li>\n\t\t\t\t<\/ul>\n\t<\/div>\n\t\t\t\t<\/div>\n\t\t\t\t<\/div>\n\t\t\t\t\t<\/div>\n\t\t<\/div>\n\t\t\t\t\t<\/div>\n\t\t<\/section>\n\t\t\t\t<section class=\"elementor-section elementor-top-section elementor-element elementor-element-31a9d30a qodef-elementor-content-grid elementor-section-boxed elementor-section-height-default elementor-section-height-default\" data-id=\"31a9d30a\" data-element_type=\"section\">\n\t\t\t\t\t\t<div class=\"elementor-container elementor-column-gap-default\">\n\t\t\t\t\t<div class=\"elementor-column elementor-col-100 elementor-top-column elementor-element elementor-element-275655a\" data-id=\"275655a\" data-element_type=\"column\">\n\t\t\t<div class=\"elementor-widget-wrap elementor-element-populated\">\n\t\t\t\t\t\t<div class=\"elementor-element elementor-element-5438c1e0 elementor-widget elementor-widget-eidan_core_section_title\" data-id=\"5438c1e0\" data-element_type=\"widget\" data-widget_type=\"eidan_core_section_title.default\">\n\t\t\t\t<div class=\"elementor-widget-container\">\n\t\t\t\t\t<div class=\"qodef-shortcode qodef-m  qodef-section-title qodef-alignment--left \">\n\t\t<h1 class=\"qodef-m-title\" >\n\t\t\t\t\tEsto es lo que amamos hacer\t\t\t<\/h1>\n\t<\/div>\n\t\t\t\t<\/div>\n\t\t\t\t<\/div>\n\t\t\t\t<div class=\"elementor-element elementor-element-79319e2f elementor-widget elementor-widget-eidan_core_accordion_info\" data-id=\"79319e2f\" data-element_type=\"widget\" data-widget_type=\"eidan_core_accordion_info.default\">\n\t\t\t\t<div class=\"elementor-widget-container\">\n\t\t\t\t\t<div class=\"qodef-shortcode qodef-m  qodef-accordion-info qodef-behavior--accordion qodef-layout--standard \">\n\t\t\t\t\t\t\t\t\t<div class=\"qodef-m-navigation\">\n\t\t<h3 class=\"qodef-m-title\">\n\t\tBranding\t<\/h3>\n\t<span class=\"qodef-m-mark\">\n\t\t<svg class=\"qodef-svg--navigation-arrow-right qodef-m qodef-m-arrow\" xmlns=\"http:\/\/www.w3.org\/2000\/svg\" width=\"40.385\" height=\"36.77\" viewBox=\"0 0 40.385 36.77\"><g class=\"qodef-arrow-part\"><g transform=\"translate(-1416 -694.115)\"><rect class=\"qodef-m-arrow-part\" width=\"40\" height=\"1\" rx=\"0.5\" transform=\"translate(1416 712)\" \/><rect class=\"qodef-m-arrow-part\" width=\"26\" height=\"1\" rx=\"0.5\" transform=\"translate(1456.385 712.5) rotate(135)\" \/><rect class=\"qodef-m-arrow-part\" width=\"26\" height=\"1\" rx=\"0.5\" transform=\"translate(1455.678 713.207) rotate(-135)\" \/><\/g><\/g><g class=\"qodef-circle-part\"><circle class=\"qodef-m-circle\" cx=\"6.5\" cy=\"6.5\" r=\"6.5\" transform=\"translate(27 12)\" \/><\/g><\/svg>\t<\/span>\n<\/div>\n<div class=\"qodef-m-content\">\n\t<div class=\"qodef-m-content-inner\">\n\t\t\t<p class=\"qodef-m-text\">\n\t\tDise\u00f1o de logotipo, Identidad de marca, Creaci\u00f3n de Nombre.\t<\/p>\n\t<a class=\"qodef-shortcode qodef-m qodef-m-button qodef-button qodef-layout--textual  qodef-html--link\" href=\"https:\/\/thebrandersco.com\/es\/contact-us\/\" target=\"_self\"  >\t<span class=\"qodef-m-text\">Contactarnos<\/span><\/a>\n\n\t<div class=\"qodef-m-button\">\n\t<\/div>\n\t<\/div>\n<\/div>\n\t\t\t\t\t\t\t\t<div class=\"qodef-m-navigation\">\n\t\t<h3 class=\"qodef-m-title\">\n\t\tDise\u00f1o Gr\u00e1fico\t<\/h3>\n\t<span class=\"qodef-m-mark\">\n\t\t<svg class=\"qodef-svg--navigation-arrow-right qodef-m qodef-m-arrow\" xmlns=\"http:\/\/www.w3.org\/2000\/svg\" width=\"40.385\" height=\"36.77\" viewBox=\"0 0 40.385 36.77\"><g class=\"qodef-arrow-part\"><g transform=\"translate(-1416 -694.115)\"><rect class=\"qodef-m-arrow-part\" width=\"40\" height=\"1\" rx=\"0.5\" transform=\"translate(1416 712)\" \/><rect class=\"qodef-m-arrow-part\" width=\"26\" height=\"1\" rx=\"0.5\" transform=\"translate(1456.385 712.5) rotate(135)\" \/><rect class=\"qodef-m-arrow-part\" width=\"26\" height=\"1\" rx=\"0.5\" transform=\"translate(1455.678 713.207) rotate(-135)\" \/><\/g><\/g><g class=\"qodef-circle-part\"><circle class=\"qodef-m-circle\" cx=\"6.5\" cy=\"6.5\" r=\"6.5\" transform=\"translate(27 12)\" \/><\/g><\/svg>\t<\/span>\n<\/div>\n<div class=\"qodef-m-content\">\n\t<div class=\"qodef-m-content-inner\">\n\t\t\t<p class=\"qodef-m-text\">\n\t\tRealizamos todo tipo de dise\u00f1o, somos capaces de conceptualizar tu idea y enfocarlo a las necesidades de tu marca. \t<\/p>\n\t<a class=\"qodef-shortcode qodef-m qodef-m-button qodef-button qodef-layout--textual  qodef-html--link\" href=\"https:\/\/thebrandersco.com\/es\/contact-us\/\" target=\"_self\"  >\t<span class=\"qodef-m-text\">Contactarnos<\/span><\/a>\n\n\t<div class=\"qodef-m-button\">\n\t<\/div>\n\t<\/div>\n<\/div>\n\t\t\t\t\t\t\t\t<div class=\"qodef-m-navigation\">\n\t\t<h3 class=\"qodef-m-title\">\n\t\tDesarrollo Web\t<\/h3>\n\t<span class=\"qodef-m-mark\">\n\t\t<svg class=\"qodef-svg--navigation-arrow-right qodef-m qodef-m-arrow\" xmlns=\"http:\/\/www.w3.org\/2000\/svg\" width=\"40.385\" height=\"36.77\" viewBox=\"0 0 40.385 36.77\"><g class=\"qodef-arrow-part\"><g transform=\"translate(-1416 -694.115)\"><rect class=\"qodef-m-arrow-part\" width=\"40\" height=\"1\" rx=\"0.5\" transform=\"translate(1416 712)\" \/><rect class=\"qodef-m-arrow-part\" width=\"26\" height=\"1\" rx=\"0.5\" transform=\"translate(1456.385 712.5) rotate(135)\" \/><rect class=\"qodef-m-arrow-part\" width=\"26\" height=\"1\" rx=\"0.5\" transform=\"translate(1455.678 713.207) rotate(-135)\" \/><\/g><\/g><g class=\"qodef-circle-part\"><circle class=\"qodef-m-circle\" cx=\"6.5\" cy=\"6.5\" r=\"6.5\" transform=\"translate(27 12)\" \/><\/g><\/svg>\t<\/span>\n<\/div>\n<div class=\"qodef-m-content\">\n\t<div class=\"qodef-m-content-inner\">\n\t\t\t<p class=\"qodef-m-text\">\n\t\tCreamos p\u00e1ginas creativas y funcionales capaces de posicionar tu marca en la web y tiendas en l\u00ednea ideales para un comercio electr\u00f3nico efectivo, enfocados en una experiencia de usuario, agradables y seguras.\t<\/p>\n\t<a class=\"qodef-shortcode qodef-m qodef-m-button qodef-button qodef-layout--textual  qodef-html--link\" href=\"https:\/\/thebrandersco.com\/es\/contact-us\/\" target=\"_self\"  >\t<span class=\"qodef-m-text\">Contactarnos<\/span><\/a>\n\n\t<div class=\"qodef-m-button\">\n\t<\/div>\n\t<\/div>\n<\/div>\n\t\t\t<\/div>\n\t\t\t\t<\/div>\n\t\t\t\t<\/div>\n\t\t\t\t\t<\/div>\n\t\t<\/div>\n\t\t\t\t\t<\/div>\n\t\t<\/section>\n\t\t\t\t<\/div>\n\t\t","protected":false},"excerpt":{"rendered":"<p>\u201cPonemos nuestra pasi\u00f3n y dedicaci\u00f3n en cada proyecto todos los dias\u201d. \u00c1mamos lo que hacemos. En The Branders Co, somos un estudio de dise\u00f1o, una consultora de marketing, un equipo de programadores, fot\u00f3grafos, una imprenta \u2026 es pocas palabras todo lo que tu marca necesita, en un solo lugar. Contruimos experiencias para las marcas de [&hellip;]<\/p>\n","protected":false},"author":1,"featured_media":0,"parent":0,"menu_order":0,"comment_status":"closed","ping_status":"closed","template":"page-full-width.php","meta":{"footnotes":""},"class_list":["post-3274","page","type-page","status-publish","hentry"],"_links":{"self":[{"href":"https:\/\/thebrandersco.com\/es\/wp-json\/wp\/v2\/pages\/3274","targetHints":{"allow":["GET"]}}],"collection":[{"href":"https:\/\/thebrandersco.com\/es\/wp-json\/wp\/v2\/pages"}],"about":[{"href":"https:\/\/thebrandersco.com\/es\/wp-json\/wp\/v2\/types\/page"}],"author":[{"embeddable":true,"href":"https:\/\/thebrandersco.com\/es\/wp-json\/wp\/v2\/users\/1"}],"replies":[{"embeddable":true,"href":"https:\/\/thebrandersco.com\/es\/wp-json\/wp\/v2\/comments?post=3274"}],"version-history":[{"count":51,"href":"https:\/\/thebrandersco.com\/es\/wp-json\/wp\/v2\/pages\/3274\/revisions"}],"predecessor-version":[{"id":8895,"href":"https:\/\/thebrandersco.com\/es\/wp-json\/wp\/v2\/pages\/3274\/revisions\/8895"}],"wp:attachment":[{"href":"https:\/\/thebrandersco.com\/es\/wp-json\/wp\/v2\/media?parent=3274"}],"curies":[{"name":"wp","href":"https:\/\/api.w.org\/{rel}","templated":true}]}}